{"id":5873,"date":"2023-12-23T11:15:45","date_gmt":"2023-12-23T10:15:45","guid":{"rendered":"https:\/\/amis-maregraphe-marseille.fr\/?page_id=5873"},"modified":"2023-12-23T16:32:20","modified_gmt":"2023-12-23T15:32:20","slug":"5873-2","status":"publish","type":"page","link":"https:\/\/amis-maregraphe-marseille.fr\/?page_id=5873","title":{"rendered":"Confirmation de votre inscription"},"content":{"rendered":"<p>[et_pb_section fb_built=\u00a0\u00bb1&Prime; _builder_version=\u00a0\u00bb4.18.0&Prime; _module_preset=\u00a0\u00bbdefault\u00a0\u00bb transform_translate=\u00a0\u00bb0px|-60px\u00a0\u00bb transform_translate_linked=\u00a0\u00bboff\u00a0\u00bb custom_margin=\u00a0\u00bb0px||-60px||false|false\u00a0\u00bb custom_padding=\u00a0\u00bb||0px||false|false\u00a0\u00bb global_colors_info=\u00a0\u00bb{}\u00a0\u00bb][et_pb_row _builder_version=\u00a0\u00bb4.18.0&Prime; _module_preset=\u00a0\u00bbdefault\u00a0\u00bb width=\u00a0\u00bb100%\u00a0\u00bb max_width=\u00a0\u00bb2000px\u00a0\u00bb min_height=\u00a0\u00bb185px\u00a0\u00bb height=\u00a0\u00bb185px\u00a0\u00bb max_height=\u00a0\u00bb185px\u00a0\u00bb custom_margin=\u00a0\u00bb-51px|auto||auto||\u00a0\u00bb custom_padding=\u00a0\u00bb0px|||||\u00a0\u00bb global_colors_info=\u00a0\u00bb{}\u00a0\u00bb][et_pb_column type=\u00a0\u00bb4_4&Prime; _builder_version=\u00a0\u00bb4.17.6&Prime; _module_preset=\u00a0\u00bbdefault\u00a0\u00bb global_colors_info=\u00a0\u00bb{}\u00a0\u00bb][et_pb_text _builder_version=\u00a0\u00bb4.23.2&Prime; _module_preset=\u00a0\u00bbdefault\u00a0\u00bb text_font_size=\u00a0\u00bb50px\u00a0\u00bb text_line_height=\u00a0\u00bb3.9em\u00a0\u00bb background_image=\u00a0\u00bbhttps:\/\/amis-maregraphe-marseille.fr\/wp-content\/uploads\/2022\/08\/bandeau270x2000.jpg\u00a0\u00bb width=\u00a0\u00bb100%\u00a0\u00bb max_width=\u00a0\u00bb2000px\u00a0\u00bb module_alignment=\u00a0\u00bbcenter\u00a0\u00bb min_height=\u00a0\u00bb185px\u00a0\u00bb height=\u00a0\u00bb185px\u00a0\u00bb max_height=\u00a0\u00bb185px\u00a0\u00bb custom_padding=\u00a0\u00bb||0px|||\u00a0\u00bb global_colors_info=\u00a0\u00bb{}\u00a0\u00bb]<\/p>\n<p style=\"text-align: center;\"><span style=\"color: #ffffff;\">Confirmation de votre inscription<br \/><\/span><\/p>\n<p>[\/et_pb_text][\/et_pb_column][\/et_pb_row][et_pb_row _builder_version=\u00a0\u00bb4.18.0&Prime; _module_preset=\u00a0\u00bbdefault\u00a0\u00bb width=\u00a0\u00bb100%\u00a0\u00bb max_width=\u00a0\u00bb2000px\u00a0\u00bb min_height=\u00a0\u00bb243.4px\u00a0\u00bb custom_margin=\u00a0\u00bb|auto|20px|0px|false|false\u00a0\u00bb custom_padding=\u00a0\u00bb|0px|0px|||\u00a0\u00bb global_colors_info=\u00a0\u00bb{}\u00a0\u00bb][et_pb_column type=\u00a0\u00bb4_4&Prime; _builder_version=\u00a0\u00bb4.17.6&Prime; _module_preset=\u00a0\u00bbdefault\u00a0\u00bb global_colors_info=\u00a0\u00bb{}\u00a0\u00bb][et_pb_text _builder_version=\u00a0\u00bb4.23.2&Prime; _module_preset=\u00a0\u00bbdefault\u00a0\u00bb hover_enabled=\u00a0\u00bb0&Prime; sticky_enabled=\u00a0\u00bb0&Prime; max_width=\u00a0\u00bb58%\u00a0\u00bb module_alignment=\u00a0\u00bbcenter\u00a0\u00bb text_font_size=\u00a0\u00bb18px\u00a0\u00bb text_line_height=\u00a0\u00bb1.8em\u00a0\u00bb]<\/p>\n<p style=\"text-align: center;\">Votre inscription a bien \u00e9t\u00e9 prise en compte. Apr\u00e8s v\u00e9rification par l&rsquo;administrateur, vous recevrez un message qui vous indiquera que votre acc\u00e8s \u00e0 l&rsquo;espace adh\u00e9rent a \u00e9t\u00e9 valid\u00e9<\/p>\n<p>[\/et_pb_text][\/et_pb_column][\/et_pb_row][\/et_pb_section]<\/p>\n","protected":false},"excerpt":{"rendered":"<p>Confirmation de votre inscriptionVotre inscription a bien \u00e9t\u00e9 prise en compte. Apr\u00e8s v\u00e9rification par l&rsquo;administrateur, vous recevrez un message qui vous indiquera que votre acc\u00e8s \u00e0 l&rsquo;espace adh\u00e9rent a \u00e9t\u00e9 valid\u00e9<\/p>\n","protected":false},"author":1,"featured_media":0,"parent":0,"menu_order":0,"comment_status":"closed","ping_status":"closed","template":"","meta":{"_et_pb_use_builder":"on","_et_pb_old_content":"","_et_gb_content_width":"","ngg_post_thumbnail":0,"footnotes":""},"class_list":["post-5873","page","type-page","status-publish","hentry"],"_links":{"self":[{"href":"https:\/\/amis-maregraphe-marseille.fr\/index.php?rest_route=\/wp\/v2\/pages\/5873","targetHints":{"allow":["GET"]}}],"collection":[{"href":"https:\/\/amis-maregraphe-marseille.fr\/index.php?rest_route=\/wp\/v2\/pages"}],"about":[{"href":"https:\/\/amis-maregraphe-marseille.fr\/index.php?rest_route=\/wp\/v2\/types\/page"}],"author":[{"embeddable":true,"href":"https:\/\/amis-maregraphe-marseille.fr\/index.php?rest_route=\/wp\/v2\/users\/1"}],"replies":[{"embeddable":true,"href":"https:\/\/amis-maregraphe-marseille.fr\/index.php?rest_route=%2Fwp%2Fv2%2Fcomments&post=5873"}],"version-history":[{"count":4,"href":"https:\/\/amis-maregraphe-marseille.fr\/index.php?rest_route=\/wp\/v2\/pages\/5873\/revisions"}],"predecessor-version":[{"id":5880,"href":"https:\/\/amis-maregraphe-marseille.fr\/index.php?rest_route=\/wp\/v2\/pages\/5873\/revisions\/5880"}],"wp:attachment":[{"href":"https:\/\/amis-maregraphe-marseille.fr\/index.php?rest_route=%2Fwp%2Fv2%2Fmedia&parent=5873"}],"curies":[{"name":"wp","href":"https:\/\/api.w.org\/{rel}","templated":true}]}}