{"id":5793,"date":"2023-12-17T20:59:00","date_gmt":"2023-12-17T19:59:00","guid":{"rendered":"https:\/\/amis-maregraphe-marseille.fr\/?page_id=5793"},"modified":"2025-04-21T14:03:50","modified_gmt":"2025-04-21T12:03:50","slug":"realisations-2024","status":"publish","type":"page","link":"https:\/\/amis-maregraphe-marseille.fr\/?page_id=5793","title":{"rendered":"R\u00e9alisations 2024"},"content":{"rendered":"<p>[et_pb_section fb_built=\u00a0\u00bb1&Prime; _builder_version=\u00a0\u00bb4.18.0&Prime; _module_preset=\u00a0\u00bbdefault\u00a0\u00bb custom_padding=\u00a0\u00bb||0px|||\u00a0\u00bb global_colors_info=\u00a0\u00bb{}\u00a0\u00bb][et_pb_row _builder_version=\u00a0\u00bb4.18.0&Prime; _module_preset=\u00a0\u00bbdefault\u00a0\u00bb width=\u00a0\u00bb100%\u00a0\u00bb max_width=\u00a0\u00bb2000px\u00a0\u00bb min_height=\u00a0\u00bb185px\u00a0\u00bb height=\u00a0\u00bb185px\u00a0\u00bb max_height=\u00a0\u00bb185px\u00a0\u00bb custom_margin=\u00a0\u00bb-73px||||false|false\u00a0\u00bb global_colors_info=\u00a0\u00bb{}\u00a0\u00bb][et_pb_column type=\u00a0\u00bb4_4&Prime; _builder_version=\u00a0\u00bb4.18.0&Prime; _module_preset=\u00a0\u00bbdefault\u00a0\u00bb global_colors_info=\u00a0\u00bb{}\u00a0\u00bb][et_pb_text _builder_version=\u00a0\u00bb4.23.1&Prime; _module_preset=\u00a0\u00bbdefault\u00a0\u00bb text_font_size=\u00a0\u00bb50px\u00a0\u00bb text_line_height=\u00a0\u00bb3em\u00a0\u00bb background_image=\u00a0\u00bbhttps:\/\/amis-maregraphe-marseille.fr\/wp-content\/uploads\/2022\/08\/bandeau270x2000.jpg\u00a0\u00bb width=\u00a0\u00bb100%\u00a0\u00bb max_width=\u00a0\u00bb2000px\u00a0\u00bb min_height=\u00a0\u00bb185px\u00a0\u00bb height=\u00a0\u00bb185px\u00a0\u00bb max_height=\u00a0\u00bb185px\u00a0\u00bb custom_margin=\u00a0\u00bb-35px||||false|false\u00a0\u00bb global_colors_info=\u00a0\u00bb{}\u00a0\u00bb]<\/p>\n<p style=\"text-align: center;\"><span style=\"color: #ffffff;\">R\u00e9alisations 2024<\/span><\/p>\n<p>[\/et_pb_text][\/et_pb_column][\/et_pb_row][et_pb_row _builder_version=\u00a0\u00bb4.18.0&Prime; _module_preset=\u00a0\u00bbdefault\u00a0\u00bb min_height=\u00a0\u00bb286.5px\u00a0\u00bb custom_margin=\u00a0\u00bb|auto|-165px|auto||\u00a0\u00bb custom_padding=\u00a0\u00bb||0px|||\u00a0\u00bb global_colors_info=\u00a0\u00bb{}\u00a0\u00bb][et_pb_column type=\u00a0\u00bb4_4&Prime; _builder_version=\u00a0\u00bb4.18.0&Prime; _module_preset=\u00a0\u00bbdefault\u00a0\u00bb global_colors_info=\u00a0\u00bb{}\u00a0\u00bb][et_pb_text _builder_version=\u00a0\u00bb4.27.4&Prime; _module_preset=\u00a0\u00bbdefault\u00a0\u00bb text_font_size=\u00a0\u00bb17px\u00a0\u00bb text_line_height=\u00a0\u00bb1.8em\u00a0\u00bb min_height=\u00a0\u00bb124.2px\u00a0\u00bb custom_margin=\u00a0\u00bb||20px|||\u00a0\u00bb custom_padding=\u00a0\u00bb32px||90px|||\u00a0\u00bb hover_enabled=\u00a0\u00bb0&Prime; global_colors_info=\u00a0\u00bb{}\u00a0\u00bb sticky_enabled=\u00a0\u00bb0&Prime;]<\/p>\n<div>8 janvier : publication d\u2019un <strong>article scientifique<\/strong> intitul\u00e9 <span style=\"color: #ff9900;\"><a href=\"https:\/\/amis-maregraphe-marseille.fr\/?page_id=4686\" target=\"_blank\" rel=\"noopener\" style=\"color: #ff9900;\"><strong>Projections d\u2019\u00e9l\u00e9vation du niveau de la mer jusqu\u2019\u00e0 2150 sur les c\u00f4tes nord de la M\u00e9diterran\u00e9e<\/strong><\/a><\/span>.<\/div>\n<div>30 janvier : <strong>intervention dans une classe<\/strong> de Seconde du Lyc\u00e9e des calanques, qui forme au Brevet d&rsquo;initiation \u00e0 la mer (BIMer).<\/div>\n<div><span>5 f\u00e9vrier : dans le parc Valmer, en coop\u00e9ration avec la <strong>F\u00e9d\u00e9ration fran\u00e7aise de randonn\u00e9e<\/strong>, pr\u00e9sentation du mar\u00e9graphe \u00e0 des marcheurs participant \u00e0 <span style=\"color: #ff9900;\"><a href=\"https:\/\/www.ffrandonnee-regionsud.fr\/grande-randonnee-vers-paris\/\" target=\"_blank\" rel=\"noopener\" style=\"color: #ff9900;\"><strong>La grande randonn\u00e9e vers Paris<\/strong><\/a><\/span>, initiative nationale associ\u00e9e aux <strong>Jeux olympiques et paralympiques<\/strong>.<\/span><\/div>\n<div><span>6 f\u00e9vrier : <strong>intervention aupr\u00e8s d&rsquo;une classe<\/strong> de Seconde au lyc\u00e9e militaire d&rsquo;Aix-en-Provence qui pr\u00e9pare au Brevet d&rsquo;initiation \u00e0 la mer (BIMer).<\/span><\/div>\n<div><span>14 f\u00e9vrier : <strong>intervention dans une classe<\/strong> de 5e de l&rsquo;\u00e9tablissement priv\u00e9 Saint-Joseph Les Maristes, \u00e0 Marseille.<\/span><\/div>\n<div><span>18 f\u00e9vrier : tenue d&rsquo;un <strong>stand informatif<\/strong> pr\u00e8s du mar\u00e9graphe dans le cadre de <strong>La voie est libre<\/strong>.<\/span><\/div>\n<div><span>20 f\u00e9vrier : <span style=\"color: #ff9900;\"><a href=\"https:\/\/www.tf1info.fr\/sciences-et-innovation\/video-tf1-maregraphe-de-marseille-les-secrets-d-un-lieu-rarement-ouvert-au-public-2286819.html\" target=\"_blank\" rel=\"noopener\" style=\"color: #ff9900;\"><strong>reportage<\/strong><\/a><\/span> paru au <strong>journal de 13 heures de TF1<\/strong>.<\/span><\/div>\n<div><span>11 mars : dans le parc Valmer, pr\u00e9sentation du mar\u00e9graphe \u00e0 des membres du <strong>Centre municipal d&rsquo;animation Maille<\/strong> (Marseille 5e).<\/span><\/div>\n<div><span>12 mars : <strong>conf\u00e9rence<\/strong> au si\u00e8ge du <strong>Rotary club de Marignane<\/strong>.<\/span><\/div>\n<div><span>16 mars : <strong>conf\u00e9rence<\/strong> <span style=\"color: #ff9900;\"><\/span> \u00e0 Marseille Luminy, organis\u00e9e par le <span style=\"color: #ff9900;\"><a href=\"https:\/\/www.cppm.in2p3.fr\/web\/fr\/index.html\" target=\"_blank\" rel=\"noopener\" style=\"color: #ff9900;\"><strong>Centre de physique des particules de Marseille<\/strong><\/a><\/span>.<\/span><\/div>\n<div>\n<div style=\"text-align: justify;\">18-20 mars : pr\u00e9sentation d&rsquo;un <strong>poster au <span style=\"color: #ff9900;\"><a href=\"https:\/\/lienss.univ-larochelle.fr\/Colloque-G2-geodesie-marine-sous-marine-et-cotiere\" target=\"_blank\" rel=\"noopener\" style=\"color: #ff9900;\">colloque G2<\/a><\/span><\/strong><span style=\"color: #ff9900;\"><a href=\"https:\/\/lienss.univ-larochelle.fr\/Colloque-G2-geodesie-marine-sous-marine-et-cotiere\" target=\"_blank\" rel=\"noopener\" style=\"color: #ff9900;\"> <strong>(G\u00e9od\u00e9sie &amp; G\u00e9ophysique) \u00e0 La Rochelle<\/strong><\/a><\/span> mettant l&rsquo;accent sur la g\u00e9od\u00e9sie c\u00f4ti\u00e8re.<\/div>\n<div style=\"text-align: justify;\">20 mars : captation d&rsquo;images 360\u00b0 au mar\u00e9graphe dans le but de proposer une nouvelle <strong>visite virtuelle de l&rsquo;observatoire<\/strong>. Ces images pourraient aussi \u00eatre utilis\u00e9es dans une application smartphone de valorisation des villes d\u2019Aix et Marseille, dont le prototype pourrait \u00eatre livr\u00e9 en octobre 2024.<\/div>\n<div style=\"text-align: justify;\"><span>24 mars : tenue d&rsquo;un <strong>stand informatif<\/strong> pr\u00e8s du mar\u00e9graphe dans le cadre de <strong>La voie est libre<\/strong>.<\/span><\/div>\n<div style=\"text-align: justify;\"><span>26 mars : diffusion d&rsquo;une interview du pr\u00e9sident de notre association sur Radio JM, dans l&rsquo;\u00e9mission <strong>Espace M\u00e9diterran\u00e9e<\/strong><span style=\"color: #ff9900;\"><\/span> pr\u00e9sent\u00e9e par Magali Barthes. Disponible en <span style=\"color: #ff9900;\"><a href=\"https:\/\/radiojm.fr\/videos\/espace-mediterranee-mardi-26-mars-1171\" target=\"_blank\" rel=\"noopener\" style=\"color: #ff9900;\"><strong>podcast<\/strong><\/a><\/span><\/span><span> sur le site de Radio JM ou sur <span style=\"color: #ff9900;\"><a href=\"https:\/\/www.youtube.com\/watch?v=kK6uPq4nwv0\" target=\"_blank\" rel=\"noopener\" style=\"color: #ff9900;\"><strong>YouTube<\/strong><\/a><\/span>.<\/span><\/div>\n<div style=\"text-align: justify;\"><span>27 mars : publication dans <strong>Le Figaro <\/strong>de l&rsquo;article <span style=\"color: #ff9900;\"><a href=\"https:\/\/amis-maregraphe-marseille.fr\/wp-content\/uploads\/2024\/03\/2024-03-26-Article-LeFigaro.pdf\" target=\"_blank\" rel=\"noopener\" style=\"color: #ff9900;\"><strong>Le mar\u00e9graphe de Marseille, point z\u00e9ro des altitudes en France<\/strong>, <strong>a \u00e9t\u00e9 restaur\u00e9<\/strong><\/a><\/span>.<\/span><\/div>\n<div style=\"text-align: justify;\">27 mars : cet article est cit\u00e9 dans la <span style=\"color: #ff9900;\"><a href=\"https:\/\/www.radiofrance.fr\/franceinter\/podcasts\/la-revue-de-presse\/la-revue-de-presse-du-mercredi-27-mars-2024-8038716\" target=\"_blank\" rel=\"noopener\" style=\"color: #ff9900;\"><strong>revue de presse de France Inter<\/strong><\/a><\/span>.<\/div>\n<div style=\"text-align: justify;\">5 avril : r\u00e9ponse aux questions des \u00e9l\u00e8ves d&rsquo;une classe de 5e du coll\u00e8ge Longchamp \u00e0 Marseille, pour la r\u00e9alisation d&rsquo;une vid\u00e9o sur le th\u00e8me de la mont\u00e9e des eaux dans le cadre du projet <strong>Graines de reporters<\/strong> <strong>scientifiques<\/strong>.<\/div>\n<div style=\"text-align: justify;\">12 avril : publication, sur le site internet d&rsquo;<strong>Infolocale<\/strong> et sur la <strong>page Marseille de Ouest France<\/strong> d&rsquo;une <span style=\"color: #ff9900;\"><a href=\"https:\/\/infolocale.ouest-france.fr\/associations\/organisme-les-amis-du-maregraphe-de-marseille-511849\/article-marseille-les-amis-du-maregraphe-60902?int_source=ouest-france&amp;int_medium=display&amp;int_campaign=teasers-publications\" target=\"_blank\" rel=\"noopener\" style=\"color: #ff9900;\"><strong>interview \u00e9crite consacr\u00e9e \u00e0 notre association<\/strong><\/a><\/span>.<\/div>\n<div style=\"text-align: justify;\">19 avril : <span style=\"color: #ff9900;\"><a href=\"https:\/\/www.marseille-tourisme.com\/vivez-marseille-blog\/agenda\/conference-sur-le-maregraphe-de-marseille-marseille-6eme-fr-4759804\/\" target=\"_blank\" rel=\"noopener\" style=\"color: #ff9900;\"><strong>conf\u00e9rence<\/strong><\/a><\/span> \u00e0 <strong>l&rsquo;Universit\u00e9 du temps libre de Marseille<\/strong>.<\/div>\n<div style=\"text-align: justify;\"><span>21 avril : tenue d&rsquo;un <strong>stand informatif<\/strong> pr\u00e8s du mar\u00e9graphe dans le cadre de <strong>La voie est libre<\/strong>.<\/span><\/div>\n<div style=\"text-align: justify;\"><span>10 mai : publication de la vid\u00e9o <span style=\"color: #ff9900;\"><a href=\"https:\/\/youtu.be\/EB6U8omR7Ps\" target=\"_blank\" rel=\"noopener\" style=\"color: #ff9900;\"><strong>La visite du mar\u00e9graphe de Marseille, la suite<\/strong><\/a><\/span>, r\u00e9alis\u00e9e par Claude Fulconis.<\/span><\/div>\n<div style=\"text-align: justify;\"><span>14 mai : <strong>intervention dans une classe<\/strong> de CE1 de l&rsquo;\u00e9cole \u00e9l\u00e9mentaire Raymond Teisseire \u00e0 Marseille.<\/span><\/div>\n<div style=\"text-align: justify;\"><span>28 mai : informations sur le mar\u00e9graphe donn\u00e9es dans le parc Valmer \u00e0 un groupe de 14 adultes encadr\u00e9 par l&rsquo;Association d\u00e9partementale d&rsquo;\u00e9tudes et de formation (ADEF) et plus pr\u00e9cis\u00e9ment pour le Centre de formation de la bourse du travail (CFBT).<\/span><\/div>\n<div style=\"text-align: justify;\"><span><span>1er juin : <\/span><\/span><strong>publication d\u2019un <span style=\"color: #ff9900;\"><a href=\"https:\/\/amis-maregraphe-marseille.fr\/wp-content\/uploads\/2024\/06\/2023-12-15-ArticleCFC.pdf\" target=\"_blank\" rel=\"noopener\" style=\"color: #ff9900;\">article<\/a><\/span> de 18 pages<\/strong> dans le num\u00e9ro 254 de \u00ab Cartes et G\u00e9omatique \u00bb, revue du Comit\u00e9 fran\u00e7ais de cartographie.<\/div>\n<div style=\"text-align: justify;\">\n<div style=\"text-align: justify;\"><span>2 juin : tenue d&rsquo;un <strong>stand informatif<\/strong> pr\u00e8s du mar\u00e9graphe dans le cadre de <strong>La voie est libre<\/strong>.<\/span><span><\/span><\/div>\n<div style=\"text-align: justify;\"><span>4 juin : <strong>conf\u00e9rence<\/strong> au si\u00e8ge du <strong>Rotary club Aix-en-Provence Mazarin<\/strong>.<\/span><\/div>\n<div style=\"text-align: justify;\"><span>7 juin : accueil au mar\u00e9graphe, dans le cadre d&rsquo;un s\u00e9minaire organis\u00e9 par l&rsquo;OSU Pyth\u00e9as\/CNRS, de deux groupes de visiteurs guid\u00e9s par Les amis du mar\u00e9graphe sous l&rsquo;\u00e9gide de l&rsquo;IGN.<\/span><\/div>\n<div style=\"text-align: justify;\"><span>23 juin : tenue d&rsquo;un <strong>stand informatif<\/strong> pr\u00e8s du mar\u00e9graphe dans le cadre de <strong>La voie est libre<\/strong>.<\/span><\/div>\n<div style=\"text-align: justify;\"><span>25 juin : mise en ligne d&rsquo;une <span style=\"color: #ff9900;\"><a href=\"https:\/\/amis-maregraphe-marseille.fr\/?page_id=6377\" target=\"_blank\" rel=\"noopener\" style=\"color: #ff9900;\"><strong>deuxi\u00e8me visite virtuelle<\/strong><\/a><\/span> du mar\u00e9graphe de Marseille, plus riche que celle qui avait \u00e9t\u00e9 mise en ligne en mars 2023.<\/span><\/div>\n<div style=\"text-align: justify;\"><span>3 juillet : mise en ligne d&rsquo;un <span style=\"color: #ff9900;\"><a href=\"https:\/\/www.youtube.com\/watch?v=FYf5DQy1gTE\" target=\"_blank\" rel=\"noopener\" style=\"color: #ff9900;\"><strong>film r\u00e9alis\u00e9 en mars 2017<\/strong><\/a><\/span> pour lancer un appel aux dons pour la r\u00e9novation du mar\u00e9graphe.<\/span><\/div>\n<div style=\"text-align: justify;\"><span>15 juillet : mise en vente d&rsquo;une brochure richement illustr\u00e9e intitul\u00e9e \u00ab\u00a0<strong>L&rsquo;invitation au mar\u00e9graphe de Marseille<\/strong>\u00ab\u00a0.<\/span><\/div>\n<div style=\"text-align: justify;\"><span>16 juillet : diffusion d&rsquo;un <span style=\"color: #ff9900;\"><a href=\"https:\/\/www.instagram.com\/p\/C9eWIgdCzcW\/?hl=fr\" target=\"_blank\" rel=\"noopener\" style=\"color: #ff9900;\"><strong>reportage d&rsquo;Airzen Radio<\/strong><\/a><\/span> sur le mar\u00e9graphe de Marseille.<\/span><\/div>\n<div style=\"text-align: justify;\"><span>16 juillet : mise en vente d&rsquo;un premier fascicule de 40 pages richement illustr\u00e9es sur le mar\u00e9graphe de Marseille, compl\u00e9mentaire du <a href=\"https:\/\/amis-maregraphe-marseille.fr\/?page_id=3811\" target=\"_blank\" rel=\"noopener\"><span style=\"color: #ff9900;\"><strong>livre<\/strong><\/span><\/a> existant.<\/span><\/div>\n<div style=\"text-align: justify;\"><span>20 juillet : int\u00e9gration du mar\u00e9graphe de Marseille dans un article sur le b\u00e2ti maritime fran\u00e7ais publi\u00e9 dans le hors s\u00e9rie n\u00b02 du magazine <strong>Le Chasse Mar\u00e9e<\/strong>.<\/span><\/div>\n<div style=\"text-align: justify;\">21 ao\u00fbt : vente, par la maison Jacques Bianchi, de 150 exemplaires de la <strong>montre \u00ab JB200 Mar\u00e9graphe \u00bb<\/strong>.<br \/><span><\/span><\/div>\n<div style=\"text-align: justify;\">28 ao\u00fbt : diffusion sur les pages internet de <strong>Fr\u00e9quence Sud<\/strong> d&rsquo;une <span style=\"color: #ff9900;\"><strong><a href=\"https:\/\/www.frequence-sud.fr\/art-100105-visite_du_mara_graphe_marseille\" target=\"_blank\" rel=\"noopener\" style=\"color: #ff9900;\">information sur l&rsquo;ouverture du mar\u00e9graphe<\/a><\/strong><\/span> au public.<\/div>\n<div style=\"text-align: justify;\">1er septembre : tenue d&rsquo;un <strong>stand informatif au festival Vivacit\u00e9<\/strong> qui se tiendra sur le Vieux-Port de Marseille.<\/div>\n<div style=\"text-align: justify;\">13 septembre : <strong>intervention dans une classe<\/strong> de BTS AMCR, au lyc\u00e9e Lur\u00e7at \u00e0 Martigues.<\/div>\n<div style=\"text-align: justify;\">15 septembre : pr\u00e9sentation du mar\u00e9graphe, dans le parc Valmer, \u00e0 un groupe d&rsquo;une quarantaine de personnes effectuant un voyage culturel organis\u00e9.<\/div>\n<div style=\"text-align: justify;\">16 septembre\u00a0 : mise en ligne sur le site internet de l&rsquo;hebdomadaire <strong>Rustica<\/strong> et sur la chaine Youtube d&rsquo;un <span style=\"color: #ff9900;\"><strong><a href=\"https:\/\/www.rustica.fr\/actu-rustica\/maregraphe-marseille-comment-mesure-t-il-niveau-mer,19848.html\" target=\"_blank\" rel=\"noopener\" style=\"color: #ff9900;\">reportage sur le mar\u00e9graphe de Marseille<\/a><\/strong><\/span>.<\/div>\n<div style=\"text-align: justify;\">16-22 septembre : 400 personnes re\u00e7ues au mar\u00e9graphe dans le cadre des <strong>Journ\u00e9es europ\u00e9ennes du Patrimoine<\/strong>.<\/div>\n<div style=\"text-align: justify;\">\n<div style=\"text-align: justify;\">18 septembre : une visite du mar\u00e9graphe r\u00e9serv\u00e9e \u00e0 des <strong>jeunes de 15-20 ans d\u00e9tenteurs du pass culture<\/strong>.<\/div>\n<div style=\"text-align: justify;\">18 septembre : <span style=\"color: #ff9900;\"><strong><a href=\"https:\/\/www.leparisien.fr\/etudiant\/sortir\/marseille\/eve-jep-visite-du-maregraphe-de-marseille-journees-du-patrimoine-2024\/\" target=\"_blank\" rel=\"noopener\" style=\"color: #ff9900;\">informations sur l&rsquo;ouverture du mar\u00e9graphe<\/a><\/strong><\/span> pendant les Journ\u00e9es europ\u00e9ennes du patrimoine sur les pages internet du journal <strong>Le Parisien \u00c9tudiant<\/strong>.<\/div>\n<div style=\"text-align: justify;\">19 septembre : plusieurs <span style=\"color: #ff9900;\"><strong><a href=\"https:\/\/www.bfmtv.com\/marseille\/replay-emissions\/bonjour-marseille\/le-maregraphe-accessible-au-public-en-marge-des-journees-du-patrimoine-a-marseille_VN-202409190335.html\" target=\"_blank\" rel=\"noopener\" style=\"color: #ff9900;\">interventions sur BFMTV<\/a><\/strong><\/span> \u00e0 l&rsquo;occasion des Journ\u00e9es europ\u00e9ennes du patrimoine.<\/div>\n<div style=\"text-align: justify;\">20 septembre : diffusion d&rsquo;un <strong>reportage sur le mar\u00e9graphe dans le journal de 19 heures de France 3<\/strong>.<\/div>\n<div style=\"text-align: justify;\">20 septembre : diffusion d&rsquo;un <span style=\"color: #ff9900;\"><a href=\"https:\/\/www.youtube.com\/watch?v=DliV8BReQ04\" target=\"_blank\" rel=\"noopener\" style=\"color: #ff9900;\"><strong>reportage sur le mar\u00e9graphe et ses amis sur Radio Maritima et sur la chaine Youtube<\/strong><\/a><\/span>.<\/div>\n<div style=\"text-align: justify;\">23 septembre : diffusion sur Radio France Internationale (RFI) d&rsquo;un <span style=\"color: #ff9900;\"><a href=\"https:\/\/amis-maregraphe-marseille.fr\/wp-content\/uploads\/2024\/09\/Maregraphe-JEP-Marseille.mp3\" target=\"_blank\" rel=\"noopener\" style=\"color: #ff9900;\"><strong>reportage sur l&rsquo;ouverture du mar\u00e9graphe<\/strong><\/a><\/span> au public pendant les Journ\u00e9es europ\u00e9ennes du patrimoine.<\/div>\n<div style=\"text-align: justify;\">26 septembre : publication d&rsquo;un <span style=\"color: #ff9900;\"><strong><a href=\"https:\/\/lemeridional.com\/index.php\/2024\/09\/23\/vox-massilia-le-maregraphe-tresor-cache-de-la-corniche\/\" target=\"_blank\" rel=\"noopener\" style=\"color: #ff9900;\">article<\/a>\u00a0<\/strong><\/span>dans <strong>Le M\u00e9ridionnal<\/strong>.<\/div>\n<div style=\"text-align: justify;\">\n<div style=\"text-align: justify;\"><span>29 septembre : tenue d&rsquo;un stand informatif dans le cadre de l&rsquo;op\u00e9ration <span style=\"color: #ff9900;\"><a href=\"https:\/\/www.ot-cassis.com\/actualites-office-pro\/les-cretes-en-pleine-nature.html\" target=\"_blank\" rel=\"noopener\" style=\"color: #ff9900;\"><strong>Les cr\u00eates en pleine nature<\/strong><\/a><\/span>.<\/span><\/div>\n<div style=\"text-align: justify;\">4 octobre : intervention aupr\u00e8s de deux classes de fin de primaire et conf\u00e9rence \u00e0 la m\u00e9diath\u00e8que de Meyrargues dans le cadre de la <strong>F\u00eate de la science<\/strong>.<br \/><span><\/span><\/div>\n<div style=\"text-align: justify;\"><span>5 octobre : conf\u00e9rence \u00e0 la m\u00e9diath\u00e8que d&rsquo;Aubagne dans le cadre de la <strong>F\u00eate de la science<\/strong>.<\/span><\/div>\n<div style=\"text-align: justify;\">\n<div style=\"text-align: justify;\">6 octobre : tenue d&rsquo;un stand informatif dans le cadre de la <strong>F\u00eate de la science <\/strong>\u00e0 Aix-en-Provence.<\/div>\n<div style=\"text-align: justify;\">6 octobre : tenue d&rsquo;un stand informatif lors de la <b>Journ\u00e9e littoral Sud apais\u00e9<\/b> \u00e0 Marseille.<\/div>\n<div style=\"text-align: justify;\">9 octobre : tenue d&rsquo;un stand informatif dans le cadre de la <strong>F\u00eate de la science <\/strong>\u00e0 Vitrolles.<\/div>\n<div style=\"text-align: justify;\">11 octobre : <strong>conf\u00e9rence<\/strong> au <a href=\"https:\/\/musees.marseille.fr\/museum-dhistoire-naturelle-de-marseille-mhnm-0\" target=\"_blank\" rel=\"noopener\"><strong><span style=\"color: #ff9900;\">Museum d&rsquo;histoire naturelle<\/span><\/strong><\/a>, plac\u00e9e dans le cadre de la <strong>F\u00eate de la science <\/strong>et dans le cadre de\u00a0<strong>L\u2019Automne des Calanques<\/strong> organis\u00e9 par le\u00a0<strong><a href=\"https:\/\/www.calanques-parcnational.fr\/fr\" target=\"_blank\" rel=\"noopener\"><span style=\"color: #ff9900;\">Parc national des Calanques<\/span><\/a><span>.<\/span><\/strong><\/div>\n<div style=\"text-align: justify;\">11,12 et 13 octobre : tenue d&rsquo;un stand informatif dans le cadre de la <strong>F\u00eate de la science<\/strong> \u00e0 Marseille.<\/div>\n<div style=\"text-align: justify;\"><span>14 octobre : conf\u00e9rence organis\u00e9e par l&rsquo;Universit\u00e9 berroise du temps libre dans le cadre de la <strong>F\u00eate de la science<\/strong>.<\/span><\/div>\n<div style=\"text-align: justify;\"><span>20 octobre : tenue d\u2019un\u00a0<strong>stand informatif<\/strong>\u00a0dans le cadre de l\u2019op\u00e9ration \u00ab\u00a0La voie est libre\u00a0\u00bb.<\/span><\/div>\n<div style=\"text-align: justify;\"><span>17 novembre : tenue d&rsquo;un <strong>stand informatif<\/strong> dans le cadre de l&rsquo;op\u00e9ration \u00ab\u00a0La voie est libre\u00a0\u00bb.<\/span><\/div>\n<div style=\"text-align: justify;\"><span>25 novembre : publication, dans le num\u00e9ro 127 de la revue <strong>La M\u00e9t\u00e9orologie<\/strong>, de l&rsquo;article <span style=\"color: #ff9900;\"><a href=\"https:\/\/amis-maregraphe-marseille.fr\/wp-content\/uploads\/2024\/11\/2024-11-Meteo127-Chenal.pdf\" target=\"_blank\" rel=\"noopener\" style=\"color: #ff9900;\"><strong>Le mar\u00e9graphe de Marseille, origine des altitudes continentales fran\u00e7aises et vigie du changement climatique<\/strong><\/a><\/span> \u00e9crit par Jonathan Chenal, docteur en science du changement climatique et membre de notre Conseil d&rsquo;administration.<\/span><\/div>\n<div style=\"text-align: justify;\"><span>19 d\u00e9cembre : intervention dans une classe de 4\u00e8me au coll\u00e8ge Longchamp.<\/span><\/div>\n<div style=\"text-align: justify;\"><span><\/span><\/div>\n<div style=\"text-align: justify;\"><span>22 d\u00e9cembre : participation \u00e0 un <span style=\"color: #ff9900;\"><a href=\"https:\/\/www.youtube.com\/watch?v=Z-8nFThNDZ0\" target=\"_blank\" rel=\"noopener\" style=\"color: #ff9900;\"><strong>film documentaire<\/strong><\/a><\/span> tourn\u00e9 par une \u00e9l\u00e8ve de terminale du lyc\u00e9e Lacordaire \u00e0 Marseille, portant sur \u00ab l&rsquo;impact du d\u00e9r\u00e8glement climatique \u00e0 l&rsquo;\u00e9chelle d&rsquo;une ville : Marseille \u00bb.<\/span><\/div>\n<div style=\"text-align: justify;\"><span>22 d\u00e9cembre : publication du document <\/span><span style=\"color: #ff9900;\"><a href=\"https:\/\/amis-maregraphe-marseille.fr\/wp-content\/uploads\/2024\/12\/Garing-Difference-hauteur-Atlantique-Mediterranee.pdf\" target=\"_blank\" rel=\"noopener\" style=\"color: #ff9900;\"><strong>Diff\u00e9rence de hauteur entre Atlantique et M\u00e9diterran\u00e9e<\/strong><\/a><\/span> \u00e9crit par Christian Garing, ancien professeur agr\u00e9g\u00e9 de physique au lyc\u00e9e Thiers \u00e0 Marseille, <span>membre de notre Conseil d&rsquo;administration. <\/span>L&rsquo;objectif de ce document est de montrer que la diff\u00e9rence du taux de salinit\u00e9 entre l\u2019oc\u00e9an Atlantique et la mer M\u00e9diterran\u00e9e permet \u00e0 elle seule de justifier que le niveau de l\u2019Atlantique est en moyenne environ 15 cm au-dessus du niveau de la M\u00e9diterran\u00e9e. Pour en savoir plus sur la mesure de cette diff\u00e9rence et sur sa grandeur, lire les lignes ci-dessous.<\/div>\n<div style=\"text-align: justify;\">L&rsquo;IGN \u00e9tablit depuis 1983 un r\u00e9seau de nivellement \u00e0 but scientifique d\u00e9nomm\u00e9 <strong><span style=\"color: #ff9900;\"><a href=\"https:\/\/geodesie.ign.fr\/index.php?page=niref\" target=\"_blank\" rel=\"noopener\" style=\"color: #ff9900;\">NIREF<\/a><\/span>\u00a0<\/strong>(nivellement de r\u00e9f\u00e9rence) qui, combin\u00e9 \u00e0 d\u2019autres sciences et techniques, est destin\u00e9 \u00e0 \u00eatre utilis\u00e9 dans de nombreux domaines : la recherche sur les syst\u00e8mes de r\u00e9f\u00e9rence verticaux ; l\u2019unification des syst\u00e8mes de r\u00e9f\u00e9rence verticaux ; l\u2019\u00e9tude des d\u00e9formations de la cro\u00fbte terrestre ; l\u2019\u00e9tude des variations temporelles et spatiales du niveau des mers\u2026 NIREF permet notamment d\u2019estimer la d\u00e9nivel\u00e9e entre le niveau moyen de la M\u00e9diterran\u00e9e et le niveau moyen oc\u00e9anique : d\u2019apr\u00e8s NIREF, la surface m\u00e9diterran\u00e9enne serait environ 15 cm plus basse que la surface oc\u00e9anique.<\/div>\n<div style=\"text-align: justify;\"><span><\/span><\/div>\n<\/div>\n<\/div>\n<\/div>\n<\/div>\n<\/div>\n<p>[\/et_pb_text][\/et_pb_column][\/et_pb_row][\/et_pb_section]<\/p>\n","protected":false},"excerpt":{"rendered":"<p>R\u00e9alisations 20248 janvier : publication d\u2019un article scientifique intitul\u00e9 Projections d\u2019\u00e9l\u00e9vation du niveau de la mer jusqu\u2019\u00e0 2150 sur les c\u00f4tes nord de la M\u00e9diterran\u00e9e. 30 janvier : intervention dans une classe de Seconde du Lyc\u00e9e des calanques, qui forme au Brevet d&rsquo;initiation \u00e0 la mer (BIMer). 5 f\u00e9vrier : dans le parc Valmer, en [&hellip;]<\/p>\n","protected":false},"author":1,"featured_media":0,"parent":0,"menu_order":0,"comment_status":"closed","ping_status":"closed","template":"","meta":{"_et_pb_use_builder":"on","_et_pb_old_content":"","_et_gb_content_width":"","ngg_post_thumbnail":0,"footnotes":""},"class_list":["post-5793","page","type-page","status-publish","hentry"],"_links":{"self":[{"href":"https:\/\/amis-maregraphe-marseille.fr\/index.php?rest_route=\/wp\/v2\/pages\/5793","targetHints":{"allow":["GET"]}}],"collection":[{"href":"https:\/\/amis-maregraphe-marseille.fr\/index.php?rest_route=\/wp\/v2\/pages"}],"about":[{"href":"https:\/\/amis-maregraphe-marseille.fr\/index.php?rest_route=\/wp\/v2\/types\/page"}],"author":[{"embeddable":true,"href":"https:\/\/amis-maregraphe-marseille.fr\/index.php?rest_route=\/wp\/v2\/users\/1"}],"replies":[{"embeddable":true,"href":"https:\/\/amis-maregraphe-marseille.fr\/index.php?rest_route=%2Fwp%2Fv2%2Fcomments&post=5793"}],"version-history":[{"count":98,"href":"https:\/\/amis-maregraphe-marseille.fr\/index.php?rest_route=\/wp\/v2\/pages\/5793\/revisions"}],"predecessor-version":[{"id":7232,"href":"https:\/\/amis-maregraphe-marseille.fr\/index.php?rest_route=\/wp\/v2\/pages\/5793\/revisions\/7232"}],"wp:attachment":[{"href":"https:\/\/amis-maregraphe-marseille.fr\/index.php?rest_route=%2Fwp%2Fv2%2Fmedia&parent=5793"}],"curies":[{"name":"wp","href":"https:\/\/api.w.org\/{rel}","templated":true}]}}