{"id":3790,"date":"2022-10-23T20:48:27","date_gmt":"2022-10-23T18:48:27","guid":{"rendered":"https:\/\/amis-maregraphe-marseille.fr\/?page_id=3790"},"modified":"2026-04-11T19:42:59","modified_gmt":"2026-04-11T17:42:59","slug":"projets-2","status":"publish","type":"page","link":"https:\/\/amis-maregraphe-marseille.fr\/?page_id=3790","title":{"rendered":"Projets"},"content":{"rendered":"<p>[et_pb_section fb_built=\u00a0\u00bb1&Prime; _builder_version=\u00a0\u00bb4.18.0&Prime; _module_preset=\u00a0\u00bbdefault\u00a0\u00bb custom_padding=\u00a0\u00bb||3px|||\u00a0\u00bb global_colors_info=\u00a0\u00bb{}\u00a0\u00bb][et_pb_row _builder_version=\u00a0\u00bb4.18.0&Prime; _module_preset=\u00a0\u00bbdefault\u00a0\u00bb width=\u00a0\u00bb100%\u00a0\u00bb max_width=\u00a0\u00bb2000px\u00a0\u00bb min_height=\u00a0\u00bb185px\u00a0\u00bb height=\u00a0\u00bb185px\u00a0\u00bb max_height=\u00a0\u00bb185px\u00a0\u00bb custom_margin=\u00a0\u00bb-73px||||false|false\u00a0\u00bb global_colors_info=\u00a0\u00bb{}\u00a0\u00bb][et_pb_column type=\u00a0\u00bb4_4&Prime; _builder_version=\u00a0\u00bb4.18.0&Prime; _module_preset=\u00a0\u00bbdefault\u00a0\u00bb global_colors_info=\u00a0\u00bb{}\u00a0\u00bb][et_pb_text _builder_version=\u00a0\u00bb4.18.0&Prime; _module_preset=\u00a0\u00bbdefault\u00a0\u00bb text_font_size=\u00a0\u00bb50px\u00a0\u00bb text_line_height=\u00a0\u00bb3em\u00a0\u00bb background_image=\u00a0\u00bbhttps:\/\/amis-maregraphe-marseille.fr\/wp-content\/uploads\/2022\/08\/bandeau270x2000.jpg\u00a0\u00bb width=\u00a0\u00bb100%\u00a0\u00bb max_width=\u00a0\u00bb2000px\u00a0\u00bb min_height=\u00a0\u00bb185px\u00a0\u00bb height=\u00a0\u00bb185px\u00a0\u00bb max_height=\u00a0\u00bb185px\u00a0\u00bb custom_margin=\u00a0\u00bb-35px||||false|false\u00a0\u00bb custom_margin_tablet=\u00a0\u00bb-35px||||false|false\u00a0\u00bb custom_margin_phone=\u00a0\u00bb-35px||||false|false\u00a0\u00bb custom_margin_last_edited=\u00a0\u00bbon|desktop\u00a0\u00bb global_colors_info=\u00a0\u00bb{}\u00a0\u00bb]<\/p>\n<p style=\"text-align: center;\"><span style=\"color: #ffffff;\">Projets<\/span><\/p>\n<p>[\/et_pb_text][\/et_pb_column][\/et_pb_row][et_pb_row _builder_version=\u00a0\u00bb4.18.0&Prime; _module_preset=\u00a0\u00bbdefault\u00a0\u00bb custom_padding=\u00a0\u00bb||2px|||\u00a0\u00bb global_colors_info=\u00a0\u00bb{}\u00a0\u00bb][et_pb_column type=\u00a0\u00bb4_4&Prime; _builder_version=\u00a0\u00bb4.18.0&Prime; _module_preset=\u00a0\u00bbdefault\u00a0\u00bb global_colors_info=\u00a0\u00bb{}\u00a0\u00bb][et_pb_text _builder_version=\u00a0\u00bb4.27.4&Prime; _module_preset=\u00a0\u00bbdefault\u00a0\u00bb custom_padding=\u00a0\u00bb||4px|||\u00a0\u00bb global_colors_info=\u00a0\u00bb{}\u00a0\u00bb]<\/p>\n<h2><\/h2>\n<h2>Projets \u00e0 court ou moyen terme<\/h2>\n<p>[\/et_pb_text][et_pb_text _builder_version=\u00a0\u00bb4.27.6&Prime; _module_preset=\u00a0\u00bbdefault\u00a0\u00bb text_font_size=\u00a0\u00bb17px\u00a0\u00bb text_line_height=\u00a0\u00bb1.8em\u00a0\u00bb custom_margin=\u00a0\u00bb-37px||42px|||\u00a0\u00bb custom_padding=\u00a0\u00bb3px||1px|||\u00a0\u00bb hover_enabled=\u00a0\u00bb0&Prime; global_colors_info=\u00a0\u00bb{}\u00a0\u00bb sticky_enabled=\u00a0\u00bb0&Prime;]<\/p>\n<div style=\"text-align: justify;\">\n<div style=\"text-align: justify;\"><\/div>\n<div style=\"text-align: justify;\">16 avril : participation de 5 membres de notre association \u00e0 un <strong>contr\u00f4le du bon fonctionnement des appareils<\/strong> du mar\u00e9graphe pilot\u00e9 par l&rsquo;IGN.<\/div>\n<div style=\"text-align: justify;\">\n<div style=\"text-align: justify;\"><span>19 avril :\u00a0<\/span><strong>stand d\u2019information<\/strong><span>\u00a0dans le cadre de l\u2019op\u00e9ration \u00ab\u00a0La voie est libre\u00a0\u00bb.<\/span><\/div>\n<\/div>\n<div style=\"text-align: justify;\"><span><span class=\"il\">25 et 26 avril : tenue d&rsquo;un <strong>stand d&rsquo;information<\/strong> dans le cadre le l&rsquo;op\u00e9ration \u00ab\u00a0Les 72 heures de l&rsquo;\u00e9cologie\u00a0\u00bb.<\/span><\/span><\/div>\n<div style=\"text-align: justify;\"><span><span class=\"il\">4 mai : intervention dans une <strong>classe<\/strong> de CM2 de l&rsquo;\u00e9cole Canet-Larousse (Marseille 14).<\/span><\/span><\/div>\n<div style=\"text-align: justify;\">\n<div style=\"text-align: justify;\">\n<div style=\"text-align: justify;\"><span><span><span class=\"il\">19 mai : participation \u00e0 une <strong>conf\u00e9rence<\/strong> offerte aux Arcenaulx \u00e0 Marseille \u00e0 une quarantaine de membres du Rotary Club.<\/span><\/span><\/span><\/div>\n<div style=\"text-align: justify;\">28 mai et 29 mai : interventions dans deux <strong>classes<\/strong> de l&rsquo;\u00e9cole \u00e9l\u00e9mentaire Le riche Mistral \u00e0 Cassis.<\/div>\n<div style=\"text-align: justify;\"><span class=\"il\">Entre le 2 et le 11 juin : int\u00e9gration du mar\u00e9graphe dans un <\/span>film documentaire intitul\u00e9 <span style=\"color: #ff9900;\"><strong><a href=\"https:\/\/vimeo.com\/1103371116?fl=pl&amp;fe=sh\" target=\"_blank\" rel=\"noopener\" style=\"color: #ff9900;\">M\u00e9moires c\u00f4ti\u00e8res<\/a><\/strong><\/span> sur la disparition du patrimoine m\u00e9diterran\u00e9en due aux changements climatiques.<\/div>\n<div style=\"text-align: justify;\">\n<div style=\"text-align: justify;\"><span><span class=\"il\">date non encore fix\u00e9e, voire annulation : intervention dans deux <strong>classes<\/strong> de 3\u00e8me du coll\u00e8ge Ubelka (Auriol).<\/span><\/span><\/div>\n<div style=\"text-align: justify;\">\n<div style=\"text-align: justify;\">date non encore fix\u00e9e : intervention dans une <strong>classe<\/strong> de CM1-CM2 de l&rsquo;\u00e9cole St-Tronc Casteroc (Marseille 10).<\/div>\n<div style=\"text-align: justify;\">\n<div style=\"text-align: justify;\"><span><span class=\"il\">date non encore fix\u00e9e : intervention dans une <strong>classe<\/strong> de seconde du lyc\u00e9e Marie Madeleine Fourcade (Gardanne).<\/span><\/span><\/div>\n<div style=\"text-align: justify;\"><span><span class=\"il\">date non encore fix\u00e9e : intervention dans une <strong>classe<\/strong> de CM2 de l&rsquo;\u00e9cole Maurice Plantier (Venelles).<\/span><\/span><\/div>\n<\/div>\n<\/div>\n<\/div>\n<div style=\"text-align: justify;\">9 juin : <strong>conf\u00e9rence<\/strong> \u00e0\u00a0l\u2019<span class=\"il\">IUT<\/span>\u00a0Mesures Physiques de Marseille.<\/div>\n<div style=\"text-align: justify;\"><span><span><span class=\"il\">10 juin : <strong>visite du mar\u00e9graphe<\/strong> par 23 \u00e9tudiants de <\/span><\/span><\/span>deuxi\u00e8me ann\u00e9e de l\u2019<span class=\"il\">IUT<\/span>\u00a0Mesures Physiques de Marseille.<\/div>\n<div style=\"text-align: justify;\">26 juin : restitution finale, \u00e0 la biblioth\u00e8que de l&rsquo;Alcazar \u00e0 Marseille, des ateliers men\u00e9s dans le cadre du <span><span class=\"il\">projet <strong>Les p&rsquo;tits amis du mar\u00e9graphe de Marseille<\/strong>.<\/span><\/span><\/div>\n<\/div>\n<\/div>\n<div style=\"text-align: justify;\"><span><span class=\"il\">19 et 20 septembre : ouverture du mar\u00e9graphe au public pendant les <strong>Journ\u00e9es europ\u00e9ennes du patrimoine<\/strong>.<\/span><\/span><\/div>\n<div style=\"text-align: justify;\"><span><span class=\"il\">3 et 4 octobre : tenue d&rsquo;un stand d&rsquo;information au parc St-Mitre \u00e0 Aix-en-Provence dans le cadre de la <strong>F\u00eate de la science.<\/strong><\/span><\/span><\/div>\n<div style=\"text-align: justify;\"><span><span class=\"il\">du 9 au 11 octobre : tenue d&rsquo;un stand d&rsquo;information \u00e0 Marseille dans le cadre de la <strong>F\u00eate de la science.<\/strong><\/span><\/span><\/div>\n<div style=\"text-align: justify;\"><span class=\"il\"><span class=\"il\">16 octobre : organisation d&rsquo;une ou deux <strong>visites du mar\u00e9graphe<\/strong> pour des membres de l<\/span><\/span>&lsquo;Union des professeurs de biochimie et de microbiologie (UPBM), en colloque \u00e0 Marseille.<\/div>\n<div style=\"text-align: justify;\"><span><span class=\"il\">17 et 18 octobre : participation \u00e0 la <strong>F\u00eate de la mer<\/strong>.<\/span><\/span><\/div>\n<div style=\"text-align: justify;\"><span style=\"font-size: 17px;\">Ann\u00e9e scolaire 2026-2027 : pr\u00e9sentation de la bande dessin\u00e9e \u00ab\u00a0Le mar\u00e9graphe de Marseille\u00a0\u00bb lors d&rsquo;une r\u00e9union du caf\u00e9 litt\u00e9raire <span style=\"color: #ff9900;\"><strong><a href=\"https:\/\/direlire-marseille.blogspot.com\/\" target=\"_blank\" rel=\"noopener\" style=\"color: #ff9900;\">Direlire<\/a><\/strong><\/span>.<\/span><span style=\"font-size: 17px;\"><br \/><\/span><\/div>\n<\/div>\n<p>[\/et_pb_text][et_pb_text _builder_version=\u00a0\u00bb4.18.0&Prime; _module_preset=\u00a0\u00bbdefault\u00a0\u00bb custom_margin=\u00a0\u00bb||16px|||\u00a0\u00bb custom_padding=\u00a0\u00bb0px||0px|||\u00a0\u00bb global_colors_info=\u00a0\u00bb{}\u00a0\u00bb]<\/p>\n<h2>Projets \u00e0 plus long terme<\/h2>\n<p>[\/et_pb_text][et_pb_text _builder_version=\u00a0\u00bb4.27.2&Prime; _module_preset=\u00a0\u00bbdefault\u00a0\u00bb text_font_size=\u00a0\u00bb17px\u00a0\u00bb text_line_height=\u00a0\u00bb1.8em\u00a0\u00bb custom_margin=\u00a0\u00bb||-100px|||\u00a0\u00bb custom_padding=\u00a0\u00bb0px||41px|||\u00a0\u00bb global_colors_info=\u00a0\u00bb{}\u00a0\u00bb]<\/p>\n<div><\/div>\n<div>Participer \u00e0 la <span style=\"color: #ff9900;\"><a href=\"https:\/\/fetedelameretdeslittoraux.fr\/\" target=\"_blank\" rel=\"noopener\" style=\"color: #ff9900;\"><strong>F\u00eate de la mer et des littoraux<\/strong><\/a><\/span>.<\/div>\n<div>Participer \u00e0 la cr\u00e9ation par l&rsquo;IGN, gestionnaire du mar\u00e9graphe, d&rsquo;une <strong>vid\u00e9o de quelques minutes sur le mar\u00e9graphe<\/strong>.<\/div>\n<div><\/div>\n<div>Favoriser la production d&rsquo;un <strong>film moyen ou long m\u00e9trage<\/strong> sur l&rsquo;histoire du nivellement, le mar\u00e9graphe de Marseille et l&rsquo;\u00e9l\u00e9vation anthropique du niveau moyen des mers.<\/div>\n<div>Favoriser la production de produits d\u00e9riv\u00e9s (t-shirts, goodies, etc.).<\/div>\n<div>Contribuer \u00e0 la r\u00e9novation de la reliure de registres manuscrits \u00e9tablis par les gardiens du mar\u00e9graphe de Marseille entre 1885 et 1988.<\/div>\n<div>Continuer \u00e0 enrichir, et diffuser sur le site internet de l\u2019association, les archives du mar\u00e9graphe de Marseille.<\/div>\n<div>Etc.<\/div>\n<p>[\/et_pb_text][\/et_pb_column][\/et_pb_row][\/et_pb_section]<\/p>\n","protected":false},"excerpt":{"rendered":"<p>Projets Projets \u00e0 court ou moyen terme 16 avril : participation de 5 membres de notre association \u00e0 un contr\u00f4le du bon fonctionnement des appareils du mar\u00e9graphe pilot\u00e9 par l&rsquo;IGN. 19 avril :\u00a0stand d\u2019information\u00a0dans le cadre de l\u2019op\u00e9ration \u00ab\u00a0La voie est libre\u00a0\u00bb. 25 et 26 avril : tenue d&rsquo;un stand d&rsquo;information dans le cadre le [&hellip;]<\/p>\n","protected":false},"author":1,"featured_media":0,"parent":0,"menu_order":0,"comment_status":"closed","ping_status":"closed","template":"","meta":{"_et_pb_use_builder":"on","_et_pb_old_content":"","_et_gb_content_width":"","ngg_post_thumbnail":0,"footnotes":""},"class_list":["post-3790","page","type-page","status-publish","hentry"],"_links":{"self":[{"href":"https:\/\/amis-maregraphe-marseille.fr\/index.php?rest_route=\/wp\/v2\/pages\/3790","targetHints":{"allow":["GET"]}}],"collection":[{"href":"https:\/\/amis-maregraphe-marseille.fr\/index.php?rest_route=\/wp\/v2\/pages"}],"about":[{"href":"https:\/\/amis-maregraphe-marseille.fr\/index.php?rest_route=\/wp\/v2\/types\/page"}],"author":[{"embeddable":true,"href":"https:\/\/amis-maregraphe-marseille.fr\/index.php?rest_route=\/wp\/v2\/users\/1"}],"replies":[{"embeddable":true,"href":"https:\/\/amis-maregraphe-marseille.fr\/index.php?rest_route=%2Fwp%2Fv2%2Fcomments&post=3790"}],"version-history":[{"count":354,"href":"https:\/\/amis-maregraphe-marseille.fr\/index.php?rest_route=\/wp\/v2\/pages\/3790\/revisions"}],"predecessor-version":[{"id":7794,"href":"https:\/\/amis-maregraphe-marseille.fr\/index.php?rest_route=\/wp\/v2\/pages\/3790\/revisions\/7794"}],"wp:attachment":[{"href":"https:\/\/amis-maregraphe-marseille.fr\/index.php?rest_route=%2Fwp%2Fv2%2Fmedia&parent=3790"}],"curies":[{"name":"wp","href":"https:\/\/api.w.org\/{rel}","templated":true}]}}