{"id":3782,"date":"2022-10-23T20:37:35","date_gmt":"2022-10-23T18:37:35","guid":{"rendered":"https:\/\/amis-maregraphe-marseille.fr\/?page_id=3782"},"modified":"2023-06-02T10:10:12","modified_gmt":"2023-06-02T08:10:12","slug":"realisations-2022-2","status":"publish","type":"page","link":"https:\/\/amis-maregraphe-marseille.fr\/?page_id=3782","title":{"rendered":"R\u00e9alisations 2022"},"content":{"rendered":"<p>[et_pb_section fb_built=\u00a0\u00bb1&Prime; _builder_version=\u00a0\u00bb4.19.2&Prime; _module_preset=\u00a0\u00bbdefault\u00a0\u00bb custom_padding=\u00a0\u00bb||0px|||\u00a0\u00bb global_colors_info=\u00a0\u00bb{}\u00a0\u00bb custom_margin=\u00a0\u00bb||-86px|||\u00a0\u00bb][et_pb_row _builder_version=\u00a0\u00bb4.18.0&Prime; _module_preset=\u00a0\u00bbdefault\u00a0\u00bb width=\u00a0\u00bb100%\u00a0\u00bb max_width=\u00a0\u00bb2000px\u00a0\u00bb min_height=\u00a0\u00bb185px\u00a0\u00bb height=\u00a0\u00bb185px\u00a0\u00bb max_height=\u00a0\u00bb185px\u00a0\u00bb custom_margin=\u00a0\u00bb-73px||||false|false\u00a0\u00bb global_colors_info=\u00a0\u00bb{}\u00a0\u00bb][et_pb_column type=\u00a0\u00bb4_4&Prime; _builder_version=\u00a0\u00bb4.18.0&Prime; _module_preset=\u00a0\u00bbdefault\u00a0\u00bb global_colors_info=\u00a0\u00bb{}\u00a0\u00bb][et_pb_text _builder_version=\u00a0\u00bb4.18.0&Prime; _module_preset=\u00a0\u00bbdefault\u00a0\u00bb text_font_size=\u00a0\u00bb50px\u00a0\u00bb text_line_height=\u00a0\u00bb3em\u00a0\u00bb background_image=\u00a0\u00bbhttps:\/\/amis-maregraphe-marseille.fr\/wp-content\/uploads\/2022\/08\/bandeau270x2000.jpg\u00a0\u00bb width=\u00a0\u00bb100%\u00a0\u00bb max_width=\u00a0\u00bb2000px\u00a0\u00bb min_height=\u00a0\u00bb185px\u00a0\u00bb height=\u00a0\u00bb185px\u00a0\u00bb max_height=\u00a0\u00bb185px\u00a0\u00bb custom_margin=\u00a0\u00bb-35px||||false|false\u00a0\u00bb global_colors_info=\u00a0\u00bb{}\u00a0\u00bb]<\/p>\n<p style=\"text-align: center;\"><span style=\"color: #ffffff;\">R\u00e9alisations 2022<\/span><\/p>\n<p>[\/et_pb_text][\/et_pb_column][\/et_pb_row][et_pb_row _builder_version=\u00a0\u00bb4.18.0&Prime; _module_preset=\u00a0\u00bbdefault\u00a0\u00bb min_height=\u00a0\u00bb1418.5px\u00a0\u00bb custom_padding=\u00a0\u00bb||0px|||\u00a0\u00bb global_colors_info=\u00a0\u00bb{}\u00a0\u00bb][et_pb_column type=\u00a0\u00bb4_4&Prime; _builder_version=\u00a0\u00bb4.18.0&Prime; _module_preset=\u00a0\u00bbdefault\u00a0\u00bb global_colors_info=\u00a0\u00bb{}\u00a0\u00bb][et_pb_text _builder_version=\u00a0\u00bb4.19.2&Prime; _module_preset=\u00a0\u00bbdefault\u00a0\u00bb text_font_size=\u00a0\u00bb17px\u00a0\u00bb text_line_height=\u00a0\u00bb1.8em\u00a0\u00bb custom_margin=\u00a0\u00bb||20px|||\u00a0\u00bb custom_padding=\u00a0\u00bb||641px|||\u00a0\u00bb hover_enabled=\u00a0\u00bb0&Prime; global_colors_info=\u00a0\u00bb{}\u00a0\u00bb sticky_enabled=\u00a0\u00bb0&Prime; min_height=\u00a0\u00bb1396px\u00a0\u00bb]<\/p>\n<div>\n<div>20 janvier 2022 : publication d&rsquo;un article pour le 3\u00e8me num\u00e9ro de la revue num\u00e9rique <a href=\"https:\/\/amis-maregraphe-marseille.fr\/wp-content\/uploads\/2022\/11\/Gazette3.pdf\" target=\"_blank\" rel=\"noopener\"><strong><span style=\"color: #ff9900;\">La Gazette<\/span><\/strong><\/a>, organe du projet Patrimoine maritime en M\u00e9diterran\u00e9e, partenaire de notre association.<\/div>\n<div>27 janvier et 15 f\u00e9vrier 2022 : publication d&rsquo;un article sur le mar\u00e9graphe de Marseille par le m\u00e9dia num\u00e9rique <a href=\"https:\/\/marseillesecrete.com\/point-zero-marseille\/\" target=\"_blank\" rel=\"noopener\"><strong><span style=\"color: #ff9900;\">Marseille secr\u00e8te<\/span><\/strong><\/a>, et publication d&rsquo;une vid\u00e9o sur le m\u00eame sujet par l&rsquo;important m\u00e9dia num\u00e9rique <a href=\"https:\/\/www.facebook.com\/neotvofficiel\/videos\/684093416274666\/\" target=\"_blank\" rel=\"noopener\"><strong><span style=\"color: #ff9900;\">N\u00e9o<\/span><\/strong><\/a>, offrant une forte visibilit\u00e9. Notre association n&rsquo;est pas directement \u00e0 l&rsquo;origine de ces publications, mais son activit\u00e9 n&rsquo;est sans doute pas totalement \u00e9trang\u00e8re \u00e0 ces parutions.<\/div>\n<div>F\u00e9vrier 2022 : visite du mar\u00e9graphe par des \u00e9l\u00e8ves du coll\u00e8ge Auguste Renoir, impliqu\u00e9s dans une op\u00e9ration nationale men\u00e9e par la fondation TARA Oc\u00e9an qui s\u2019intitule <a href=\"https:\/\/fondationtaraocean.org\/education\/graines-de-reporters-scientifiques\/\" target=\"_blank\" rel=\"noopener\"><strong><span style=\"color: #ff9900;\">Graine de reporters scientifiques<\/span><\/strong><\/a><span style=\"color: #ff9900;\">.<\/span><\/div>\n<div>20 mars 2022 : inscription \u00e0 la <a href=\"https:\/\/www.fetedelascience.fr\/festival-des-sciences-de-marseille\" target=\"_blank\" rel=\"noopener\"><strong><span style=\"color: #ff9900;\">F\u00eate de la science<\/span><\/strong> <\/a>(7-17 octobre)\u00a0et au <strong>Festival de la science<\/strong> (14-16 octobre), organis\u00e9s par l&rsquo;association <a href=\"https:\/\/www.lespetitsdebrouillards.org\/index.php?rub=qui\" target=\"_blank\" rel=\"noopener\"><strong><span style=\"color: #ff9900;\">Les petits d\u00e9brouillards<\/span><\/strong><\/a>.<\/div>\n<div>21 mars 2022 : inscription \u00e0 l&rsquo;op\u00e9ration <strong>Science dans les classes <\/strong>qui, durant la F\u00eate de la Science, donne l&rsquo;occasion d&rsquo;intervenir au sein d&rsquo;\u00e9tablissements scolaires, afin de diffuser la culture scientifique aupr\u00e8s d&rsquo;\u00e9l\u00e8ves de la r\u00e9gion Provence Alpes C\u00f4te d&rsquo;Azur.<\/div>\n<div>22 mars 2022 : inscription \u00e0 <strong>Vivacit\u00e9<\/strong>, le festival des associations marseillaises.<\/div>\n<div>23 mars 2022 : mise en ligne d&rsquo;une <a href=\"https:\/\/www.youtube.com\/watch?v=HuqgagmdFkI\" target=\"_blank\" rel=\"noopener\"><strong><span style=\"color: #ff9900;\">vid\u00e9o pr\u00e9sentant la conf\u00e9rence<\/span><\/strong><\/a> pr\u00e9vue \u00e0 la Station marine d&rsquo;Endoume (voir r\u00e9alisation du 30 mars).<\/div>\n<div>26 mars 2022 : <a href=\"https:\/\/www.instagram.com\/amis.maregraphe\/?hl=fr\" target=\"_blank\" rel=\"noopener\"><strong><span style=\"color: #ff9900;\">50\u00e8me publication Instagram<\/span><\/strong><\/a><span style=\"color: #ff9900;\">.<\/span><\/div>\n<div>29 mars 2022 : pr\u00e9sentation du mar\u00e9graphe de Marseille et des activit\u00e9s de notre association dans <a href=\"https:\/\/geodesie.ign.fr\/contenu\/fichiers\/geodinfo\/GeodInfo_2022-03-Maregraphe.pdf\" target=\"_blank\" rel=\"noopener\"><strong><span style=\"color: #ff9900;\">G\u00e9odinfo<\/span><\/strong><\/a>, la lettre num\u00e9rique du service de g\u00e9od\u00e9sie et de m\u00e9trologie de l&rsquo;IGN.<\/div>\n<div>30 mars 2022 :\u00a0<a href=\"https:\/\/amis-maregraphe-marseille.fr\/wp-content\/uploads\/2022\/03\/20220330-affiche_endoume-A4-v1-1-pdf\" target=\"_blank\" rel=\"noopener\"><strong><span style=\"color: #ff9900;\">conf\u00e9rence<\/span><\/strong><\/a> sur le mar\u00e9graphe de Marseille \u00e0 la Station marine d&rsquo;Endoume (salle pleine &#8211; beaucoup d&rsquo;\u00e9changes avec les participants). Voir le <a href=\"https:\/\/www.youtube.com\/watch?v=Z85Y_KClyrQ\" target=\"_blank\" rel=\"noopener\"><strong><span style=\"color: #ff9900;\">replay<\/span><\/strong><\/a> sur IMBE TV.<\/div>\n<div>28 avril 2022 : inscription de la visite du mar\u00e9graphe au programme des <span style=\"color: #ff9900;\"><a href=\"https:\/\/www.culture.gouv.fr\/Nous-connaitre\/Evenements-nationaux\/Journees-Europeennes-du-Patrimoine\" target=\"_blank\" rel=\"noopener\" style=\"color: #ff9900;\"><strong>Journ\u00e9es europ\u00e9ennes du patrimoine <\/strong><\/a><\/span>2022.<\/div>\n<div>11 mai 2022 : mise en ligne d&rsquo;un <a href=\"http:\/\/www.grec-sud.fr\/article\/le-maregraphe-de-marseille-un-oeil-sur-le-climat\/\" target=\"_blank\" rel=\"noopener\"><strong><span style=\"color: #ff9900;\">article<\/span><\/strong><\/a> pour le site internet de notre partenaire le <span style=\"color: #ff9900;\"><a href=\"http:\/\/www.grec-sud.fr\/article\/\" target=\"_blank\" rel=\"noopener\" style=\"color: #ff9900;\"><strong>GREC-SUD<\/strong><\/a><\/span>.<\/div>\n<div>11 mai 2022 : modification de nos statuts pour pouvoir accueillir des adh\u00e9rent(e)s mineur(e)s.<\/div>\n<div>18 mai 2022 : Dominique Milherou int\u00e8gre une partie d\u00e9di\u00e9e \u00e0 notre association dans la fiche \u00ab\u00a0Le mar\u00e9graphe de Marseille, le point z\u00e9ro de la France\u00a0\u00bb qu&rsquo;il publie sur son<span style=\"color: #ff9900;\"> <a href=\"https:\/\/tourisme-marseille.com\/la-carte\/tourisme-marseille-dominique-milherou\/\" target=\"_blank\" rel=\"noopener\" style=\"color: #ff9900;\"><strong>site internet<\/strong> <\/a><\/span>de d\u00e9couverte et d&rsquo;exploration de la ville de Marseille.<\/div>\n<div>22 mai 2022 : participation de notre association \u00e0 la 3\u00e8me \u00e9dition de l&rsquo;\u00e9v\u00e9nement \u00ab\u00a0Au bout la mer\u00a0\u00bb organis\u00e9 par la Mairie 1\/7 aux environs de la Canebi\u00e8re.<\/div>\n<div>26 mai 2022 : vernissage de l&rsquo;exposition \u00ab\u00a0L\u00e9cher la peau de la Past\u00e8que\u00a0\u00bb, o\u00f9 la plasticienne Ahram Lee pr\u00e9sente notamment une \u0153uvre inspir\u00e9e par les courbes de niveau de la mer produites par le mar\u00e9graphe totalisateur de Marseille.<\/div>\n<div>\n<div>15 juin 2022 : r\u00e9alisation d&rsquo;un <span style=\"color: #ff9900;\"><a href=\"https:\/\/amis-maregraphe-marseille.fr\/wp-content\/uploads\/2022\/06\/Flyer2022.pdf\" target=\"_blank\" rel=\"noopener\" style=\"color: #ff9900;\"><strong>flyer <\/strong><\/a><\/span>pr\u00e9sentant notre association.<\/div>\n<div>15 juin 2022 : publication d&rsquo;un <span style=\"color: #ff9900;\"><a href=\"https:\/\/amis-maregraphe-marseille.fr\/wp-content\/uploads\/2022\/06\/XYZ-INT-171-HYDRO-04_05-4.pdf\" target=\"_blank\" rel=\"noopener\" style=\"color: #ff9900;\"><strong>article<\/strong><\/a> <\/span>sur \u00ab\u00a0Les hauteurs d&rsquo;eau mesur\u00e9es au mar\u00e9graphe de Marseille\u00a0\u00bb dans le n\u00b0171 de la revue <a href=\"https:\/\/www.aftopo.org\/categorie-produit\/revues\/\" target=\"_blank\" rel=\"noopener\"><strong><span style=\"color: #ff9900;\">XYZ<\/span><\/strong><\/a>.<\/div>\n<\/div>\n<\/div>\n<div>\n<div class=\"wp-block-spacer\" style=\"height: 100px;\" aria-hidden=\"true\">\n<div class=\"wp-block-spacer\" style=\"height: 100px;\" aria-hidden=\"true\">\n<div aria-hidden=\"true\">16 juin 2022 : notre association est reconnue par la Direction g\u00e9n\u00e9rale des finances publiques comme un organisme d&rsquo;int\u00e9r\u00eat g\u00e9n\u00e9ral.<\/div>\n<div aria-hidden=\"true\">28 juin 2022 : publication d&rsquo;un article consacr\u00e9 au mar\u00e9graphe de Marseille dans le n\u00b0271 de la revue <a href=\"https:\/\/www.lafhp.fr\/provence-historique\/\" target=\"_blank\" rel=\"noopener\"><strong style=\"line-height: 1.5;\"><span style=\"color: #ff9900;\">Provence historique<\/span><\/strong><\/a>, \u00e9<span style=\"line-height: 1.5;\">manation de la F\u00e9d\u00e9ration historique de Provence et revue de rang scientifique et universitaire.<\/span><\/div>\n<div aria-hidden=\"true\">du 4 au 22 juillet 2022 : r\u00e9alisation d&rsquo;un mod\u00e8le 3D des b\u00e2timents du mar\u00e9graphe par des \u00e9l\u00e8ves ing\u00e9nieurs de l&rsquo;\u00c9cole nationale des sciences g\u00e9ographique ; prestation command\u00e9e et financ\u00e9e par l&rsquo;association <strong>Les amis du mar\u00e9graphe de Marseille<\/strong>.<\/div>\n<div aria-hidden=\"true\">2 septembre 2022 : notre compte <a href=\"https:\/\/www.instagram.com\/amis.maregraphe\/?hl=fr\" target=\"_blank\" rel=\"noopener\"><strong><span style=\"color: #ff9900;\">Instagram<\/span><\/strong><\/a> passe la barre des 500 abonn\u00e9s.<\/div>\n<div aria-hidden=\"true\">7 septembre 2022 : publication, sur le site internet des<a href=\"http:\/\/refmar.shom.fr\/journees-refmar-2022\" target=\"_blank\" rel=\"noopener\"><span style=\"color: #ff9900;\"><strong> Journ\u00e9es REFMAR<\/strong><\/span><\/a> organis\u00e9es par le Shom, d&rsquo;un <a href=\"https:\/\/amis-maregraphe-marseille.fr\/wp-content\/uploads\/2022\/11\/Poster_REFMAR2022_V04.pdf\" target=\"_blank\" rel=\"noopener\"><span style=\"color: #ff9900;\"><strong>poster<\/strong><\/span><\/a> sur notre association.<\/div>\n<div class=\"wp-block-spacer\" style=\"height: 100px;\" aria-hidden=\"true\">\n<div aria-hidden=\"true\">\n<div aria-hidden=\"true\">\n<div>11 septembre 2022 : participation de notre association \u00e0 <strong>Vivacit\u00e9<\/strong>, le festival des associations marseillaises. A cette occasion, pr\u00e9sentation du mar\u00e9graphe et de notre association dans le suppl\u00e9ment du n\u00b085 de <a href=\"https:\/\/citedesassociations.marseille.fr\/services\/annuaire\/petit-repere\" target=\"_blank\" rel=\"noopener\"><strong><span style=\"color: #ff9900;\">Petit rep\u00e8re<\/span><\/strong><\/a>, le magazine de la Cit\u00e9 des associations.<\/div>\n<div>10-13 septembre 2022 : formation d&rsquo;une quinzaine de nos adh\u00e9rents pour les rendre capables de guider des visiteurs dans l&rsquo;observatoire et d&rsquo;informer sur le mar\u00e9graphe dans d&rsquo;autres occasions (stands, conf\u00e9rences, etc.)<\/div>\n<div>14 septembre 2022 : interview dans les locaux marseillais de notre partenaire radiophonique <span style=\"color: #ff9900;\"><a href=\"https:\/\/www.frequencemistral.com\/\" target=\"_blank\" rel=\"noopener\" style=\"color: #ff9900;\"><strong>Fr\u00e9quence Mistral<\/strong><\/a><\/span>. Diffusion le 16 septembre dans l&rsquo;\u00e9mission <span style=\"color: #ff9900;\"><a href=\"https:\/\/www.frequencemistral.com\/Le-Maregraphe-batiment-patrimonial-et-appareil-de-mesure-pour-le-climat_a13082.html\" target=\"_blank\" rel=\"noopener\" style=\"color: #ff9900;\"><strong>Le magazine du Midi<\/strong><\/a><\/span>.<\/div>\n<div>16 septembre 2022 : diffusion de deux reportages sur <span style=\"color: #ff9900;\"><a href=\"https:\/\/www.youtube.com\/watch?v=C2ZKis5AL90\" target=\"_blank\" rel=\"noopener\" style=\"color: #ff9900;\"><strong>France 3 Provence-Alpes-C\u00f4te-d&rsquo;Azur<\/strong><\/a><\/span> et dans la <a href=\"https:\/\/www.facebook.com\/lamatinalelci\/videos\/2261924933966918\/\" target=\"_blank\" rel=\"noopener\"><strong><span style=\"color: #ff9900;\">Matinale de <\/span><span style=\"color: #ff9900;\"><strong>L<\/strong>CI<\/span><\/strong><\/a>.<\/div>\n<div>17-18 septembre 2022 : ouverture du mar\u00e9graphe au public dans le cadre des <span style=\"color: #ff9900;\"><a href=\"https:\/\/www.culture.gouv.fr\/Nous-connaitre\/Evenements-nationaux\/Journees-Europeennes-du-Patrimoine\" target=\"_blank\" rel=\"noopener\" style=\"color: #ff9900;\"><strong>Journ\u00e9es europ\u00e9ennes du patrimoine<\/strong><\/a>.<\/span><\/div>\n<div>23 septembre 2022 : publication, sur le blog de notre partenaire <a href=\"https:\/\/provence-buissonniere.com\/\" target=\"_blank\" rel=\"noopener\"><span style=\"color: #ff9900;\"><strong>Provence buissonni\u00e8re<\/strong><\/span><\/a>, d&rsquo;un article intitul\u00e9 <a href=\"https:\/\/provence-buissonniere.com\/2022\/09\/23\/le-maregraphe-un-patrimoine-exceptionnel\/\" target=\"_blank\" rel=\"noopener\"><span style=\"color: #ff9900;\"><strong>Le mar\u00e9graphe, un patrimoine exceptionnel<\/strong><\/span><\/a>.<\/div>\n<div>4 octobre 2022 : publication sur Infolocale d&rsquo;un <a href=\"https:\/\/infolocale.ouest-france.fr\/associations\/les-amis-du-maregraphe-de-marseille-511849\/article-marseille-marseille-le-maregraphe-de-marseille-et-ses-amis-45405?int_source=ouest-france&amp;int_medium=display&amp;int_campaign=teasers-publications\" target=\"_blank\" rel=\"noopener\"><strong><span style=\"color: #ff9900;\">article<\/span><\/strong><\/a> racontant notre rentr\u00e9e 2022. La qualit\u00e9 de cet article a permis sa s\u00e9lection pour une publication sur la page Marseille du site internet de Ouest-France.<\/div>\n<div>du 6 au 18 octobre 2022 : participation \u00e0 la <strong>F\u00eate de la science<\/strong> \u00e0 Gardanne, Aix-en-Provence et Marseille. Dans ce cadre, participation \u00e0 l&rsquo;op\u00e9ration <strong>Science dans les classes<\/strong> (une semaine dans les classes de la r\u00e9gion, en appui au travail des enseignants).<\/div>\n<div>14 octobre 2022 : <strong>conf\u00e9rence<\/strong> sur le mar\u00e9graphe de Marseille au Relais socio culturel Peiresc \u00e0 Toulon.<\/div>\n<\/div>\n<\/div>\n<div aria-hidden=\"true\">\n<div class=\"wp-block-spacer\" style=\"height: 100px;\" aria-hidden=\"true\">\n<div aria-hidden=\"true\">\n<div aria-hidden=\"true\">\n<div>18 octobre 2022 : publication par le site internet <span style=\"color: #000000;\">Le Bonbon<\/span>, d&rsquo;un article intitul\u00e9 <a href=\"https:\/\/www.lebonbon.fr\/marseille\/news\/point-zero-marseille\/\" target=\"_blank\" rel=\"noopener\"><span style=\"color: #ff9900;\"><strong>Point z\u00e9ro : toutes les altitudes de France sont calcul\u00e9es gr\u00e2ce \u00e0 un spot strat\u00e9gique \u00e0 Marseille<\/strong><\/span><\/a>.<\/div>\n<div>23 octobre 2022 : \u00e0 l&rsquo;occasion de la 10\u00e8me \u00e9dition de <a href=\"https:\/\/www.marseille.fr\/environnement\/actualites\/la-voie-est-libre-23-octobre-2022\" target=\"_blank\" rel=\"noopener\"><span style=\"color: #ff9900;\"><strong>La voie est libre<\/strong><\/span><\/a>, tenue d&rsquo;un stand informatif devant le mar\u00e9graphe.<\/div>\n<div>20 novembre 2022 : \u00e0 l&rsquo;occasion de la 11\u00e8me \u00e9dition de <a href=\"https:\/\/www.marseille.fr\/environnement\/actualites\/la-voie-est-libre-20-novembre-2022\" target=\"_blank\" rel=\"noopener\"><span style=\"color: #ffcc00;\"><strong><span style=\"color: #ff9900;\">La voie est libre<\/span><\/strong><\/span><\/a>, tenue d&rsquo;un stand informatif devant le mar\u00e9graphe.<\/div>\n<div>08 d\u00e9cembre 2022 : publication d&rsquo;un <a href=\"https:\/\/amis-maregraphe-marseille.fr\/wp-content\/uploads\/2022\/12\/XYZ173-Modele3D.pdf\" target=\"_blank\" rel=\"noopener\"><span style=\"color: #ff9900;\"><strong>article<\/strong><\/span><\/a> sur le \u00ab\u00a0Relev\u00e9 2D et 3D du mar\u00e9graphe de Marseille\u00a0\u00bb dans le num\u00e9ro 173 de la revue <a href=\"https:\/\/www.aftopo.org\/categorie-produit\/revues\/\" target=\"_blank\" rel=\"noopener\"><span style=\"color: #ff9900;\"><strong>XYZ<\/strong><\/span><\/a>.<\/div>\n<div>15 d\u00e9cembre 2022 : publication d&rsquo;un <span style=\"color: #ff9900;\"><a href=\"https:\/\/amis-maregraphe-marseille.fr\/wp-content\/uploads\/2023\/01\/Echanger310-novdec2022.pdf\" target=\"_blank\" rel=\"noopener\" style=\"color: #ff9900;\"><strong>article<\/strong><\/a><\/span> sur le relev\u00e9 2D et 3D du mar\u00e9graphe de Marseille dans le num\u00e9ro 310 (novembre-d\u00e9cembre 2022) de la revue \u00c9changer, le \u00ab\u00a0Journal des agents de l&rsquo;IGN\u00a0\u00bb.<\/div>\n<\/div>\n<\/div>\n<\/div>\n<\/div>\n<div aria-hidden=\"true\"><\/div>\n<div aria-hidden=\"true\"><\/div>\n<\/div>\n<\/div>\n<\/div>\n<\/div>\n<p>[\/et_pb_text][\/et_pb_column][\/et_pb_row][\/et_pb_section]<\/p>\n","protected":false},"excerpt":{"rendered":"<p>R\u00e9alisations 2022 20 janvier 2022 : publication d&rsquo;un article pour le 3\u00e8me num\u00e9ro de la revue num\u00e9rique La Gazette, organe du projet Patrimoine maritime en M\u00e9diterran\u00e9e, partenaire de notre association. 27 janvier et 15 f\u00e9vrier 2022 : publication d&rsquo;un article sur le mar\u00e9graphe de Marseille par le m\u00e9dia num\u00e9rique Marseille secr\u00e8te, et publication d&rsquo;une vid\u00e9o [&hellip;]<\/p>\n","protected":false},"author":1,"featured_media":0,"parent":0,"menu_order":0,"comment_status":"closed","ping_status":"closed","template":"","meta":{"_et_pb_use_builder":"on","_et_pb_old_content":"","_et_gb_content_width":"","ngg_post_thumbnail":0,"footnotes":""},"class_list":["post-3782","page","type-page","status-publish","hentry"],"_links":{"self":[{"href":"https:\/\/amis-maregraphe-marseille.fr\/index.php?rest_route=\/wp\/v2\/pages\/3782","targetHints":{"allow":["GET"]}}],"collection":[{"href":"https:\/\/amis-maregraphe-marseille.fr\/index.php?rest_route=\/wp\/v2\/pages"}],"about":[{"href":"https:\/\/amis-maregraphe-marseille.fr\/index.php?rest_route=\/wp\/v2\/types\/page"}],"author":[{"embeddable":true,"href":"https:\/\/amis-maregraphe-marseille.fr\/index.php?rest_route=\/wp\/v2\/users\/1"}],"replies":[{"embeddable":true,"href":"https:\/\/amis-maregraphe-marseille.fr\/index.php?rest_route=%2Fwp%2Fv2%2Fcomments&post=3782"}],"version-history":[{"count":59,"href":"https:\/\/amis-maregraphe-marseille.fr\/index.php?rest_route=\/wp\/v2\/pages\/3782\/revisions"}],"predecessor-version":[{"id":5801,"href":"https:\/\/amis-maregraphe-marseille.fr\/index.php?rest_route=\/wp\/v2\/pages\/3782\/revisions\/5801"}],"wp:attachment":[{"href":"https:\/\/amis-maregraphe-marseille.fr\/index.php?rest_route=%2Fwp%2Fv2%2Fmedia&parent=3782"}],"curies":[{"name":"wp","href":"https:\/\/api.w.org\/{rel}","templated":true}]}}