{"id":302,"date":"2022-08-13T13:50:39","date_gmt":"2022-08-13T11:50:39","guid":{"rendered":"http:\/\/127.0.0.1\/?page_id=302"},"modified":"2026-04-08T08:30:29","modified_gmt":"2026-04-08T06:30:29","slug":"accueil","status":"publish","type":"page","link":"https:\/\/amis-maregraphe-marseille.fr\/","title":{"rendered":"Accueil"},"content":{"rendered":"<p>[et_pb_section fb_built=\u00a0\u00bb1&Prime; _builder_version=\u00a0\u00bb4.18.0&Prime; _module_preset=\u00a0\u00bbdefault\u00a0\u00bb background_image=\u00a0\u00bbhttps:\/\/amis-maregraphe-marseille.fr\/wp-content\/uploads\/2021\/02\/vue-maregraphe-B.jpg\u00a0\u00bb min_height=\u00a0\u00bb784.8px\u00a0\u00bb custom_margin=\u00a0\u00bb||-81px|||\u00a0\u00bb custom_padding=\u00a0\u00bb||4px|||\u00a0\u00bb global_colors_info=\u00a0\u00bb{}\u00a0\u00bb][et_pb_row column_structure=\u00a0\u00bb1_4,1_2,1_4&Prime; _builder_version=\u00a0\u00bb4.21.0&Prime; _module_preset=\u00a0\u00bbdefault\u00a0\u00bb min_height=\u00a0\u00bb575.7px\u00a0\u00bb global_colors_info=\u00a0\u00bb{}\u00a0\u00bb][et_pb_column type=\u00a0\u00bb1_4&Prime; _builder_version=\u00a0\u00bb4.18.0&Prime; _module_preset=\u00a0\u00bbdefault\u00a0\u00bb global_colors_info=\u00a0\u00bb{}\u00a0\u00bb][et_pb_image src=\u00a0\u00bbhttps:\/\/amis-maregraphe-marseille.fr\/wp-content\/uploads\/2021\/03\/logo-100&#215;100-1.jpg\u00a0\u00bb title_text=\u00a0\u00bbAAMM\u00a0\u00bb align=\u00a0\u00bbright\u00a0\u00bb _builder_version=\u00a0\u00bb4.18.0&Prime; _module_preset=\u00a0\u00bbdefault\u00a0\u00bb width=\u00a0\u00bb150px\u00a0\u00bb max_width=\u00a0\u00bb150px\u00a0\u00bb min_height=\u00a0\u00bb150px\u00a0\u00bb height=\u00a0\u00bb150px\u00a0\u00bb max_height=\u00a0\u00bb150px\u00a0\u00bb global_colors_info=\u00a0\u00bb{}\u00a0\u00bb][\/et_pb_image][\/et_pb_column][et_pb_column type=\u00a0\u00bb1_2&Prime; _builder_version=\u00a0\u00bb4.18.0&Prime; _module_preset=\u00a0\u00bbdefault\u00a0\u00bb global_colors_info=\u00a0\u00bb{}\u00a0\u00bb][et_pb_text _builder_version=\u00a0\u00bb4.27.6&Prime; _module_preset=\u00a0\u00bbdefault\u00a0\u00bb text_text_color=\u00a0\u00bb#E02B20&Prime; text_font_size=\u00a0\u00bb17px\u00a0\u00bb background_color=\u00a0\u00bbrgba(86,86,86,0.62)\u00a0\u00bb custom_padding=\u00a0\u00bb19px|||||\u00a0\u00bb global_colors_info=\u00a0\u00bb{}\u00a0\u00bb]<\/p>\n<p style=\"text-align: center;\"><span style=\"color: #ffffff;\"><strong style=\"font-size: 17px;\">\u00c9TAPES IMPORTANTES<\/strong><\/span><\/p>\n<p style=\"text-align: center;\"><span style=\"color: #ffffff;\">Juin 2022 : notre association est officiellement reconnue comme un organisme d\u2019int\u00e9r\u00eat g\u00e9n\u00e9ral. Les versements qui lui sont faits ouvrent droit \u00e0 une r\u00e9duction d\u2019imp\u00f4t sur le revenu.<\/span><\/p>\n<p style=\"text-align: center;\"><span style=\"color: #ffffff;\">F\u00e9vrier 2023 : signature d&rsquo;une convention avec l&rsquo;IGN, autorisant notre association \u00e0 organiser des visites du mar\u00e9graphe (voir la page Nos actions\/R\u00e9alisations 2023).<\/span><\/p>\n<p style=\"text-align: center;\"><span style=\"color: #ffffff;\">Mars 2023 et juin 2024 : mise en ligne de deux visites virtuelles du mar\u00e9graphe (voir la page Le mar\u00e9graphe\/Visiter le mar\u00e9graphe).<\/span><\/p>\n<p style=\"text-align: center;\"><span style=\"color: #ffffff;\">Mai 2023 : les mar\u00e9graphes de Brest et de Marseille sont labellis\u00e9s par l&rsquo;Organisation m\u00e9t\u00e9orologique mondiale.<\/span><\/p>\n<p style=\"text-align: center;\"><span style=\"color: #ffffff;\"><strong>DERNI\u00c8RES ACTIONS<\/strong><\/span><\/p>\n<p style=\"text-align: center;\">\n<p style=\"text-align: center;\"><span style=\"color: #e02b20;\"><span style=\"color: #ffffff;\">21 janvier : d\u00e9but de vente en librairie de<\/span><span style=\"color: #00ff00;\"><strong> la<\/strong> <strong>bande dessin\u00e9e \u00ab\u00a0Le mar\u00e9graphe de Marseille\u00a0\u00bb<\/strong><\/span><span style=\"color: #ffffff;\">. \u00c0 Marseille, cette BD est \u00e9galement en d\u00e9p\u00f4t vente au mus\u00e9e Regards de Provence et \u00e0 l&rsquo;association La Navale.<\/span><\/span><\/p>\n<p style=\"text-align: center;\"><span style=\"color: #ffffff;\">13 f\u00e9vrier : article de 9 pages\u00a0dans la revue \u00ab\u00a0Frankreich erleben \u00bb distribu\u00e9e en Allemagne, Suisse, Autriche, Luxembourg et Italie du nord\u00a0(voir la page Nos actions\/R\u00e9alisations 2026).<\/span><\/p>\n<p style=\"text-align: center;\"><span style=\"color: #ffffff;\">15 mars : publication de l&rsquo;\u00e9pisode n\u00b077 de \u00ab\u00a0Un jour au mar\u00e9graphe\u00a0\u00bb (voir la page Le mar\u00e9graphe\/Un jour au mar\u00e9graphe).<\/span><\/p>\n<p style=\"text-align: center;\"><span style=\"color: #ffffff;\"><\/span><\/p>\n<p>[\/et_pb_text][\/et_pb_column][et_pb_column type=\u00a0\u00bb1_4&Prime; _builder_version=\u00a0\u00bb4.21.0&Prime; _module_preset=\u00a0\u00bbdefault\u00a0\u00bb custom_padding=\u00a0\u00bb|175px|||false|false\u00a0\u00bb global_colors_info=\u00a0\u00bb{}\u00a0\u00bb][et_pb_button button_url=\u00a0\u00bbhttp:\/\/www.amis-maregraphe-marseille.com\u00a0\u00bb button_text=\u00a0\u00bbCliquez ici pour VISITER le mar\u00e9graphe\u00a0\u00bb button_alignment=\u00a0\u00bbcenter\u00a0\u00bb _builder_version=\u00a0\u00bb4.27.4&Prime; _module_preset=\u00a0\u00bbdefault\u00a0\u00bb custom_button=\u00a0\u00bbon\u00a0\u00bb button_text_size=\u00a0\u00bb17px\u00a0\u00bb button_text_color=\u00a0\u00bb#FFFFFF\u00a0\u00bb button_bg_color=\u00a0\u00bb#7CDA24&Prime; button_border_width=\u00a0\u00bb0px\u00a0\u00bb button_border_color=\u00a0\u00bbRGBA(255,255,255,0)\u00a0\u00bb button_border_radius=\u00a0\u00bb10px\u00a0\u00bb button_letter_spacing=\u00a0\u00bb0px\u00a0\u00bb button_font=\u00a0\u00bb|700|||||||\u00a0\u00bb button_use_icon=\u00a0\u00bboff\u00a0\u00bb vertical_offset=\u00a0\u00bb37px\u00a0\u00bb background_layout=\u00a0\u00bbdark\u00a0\u00bb custom_margin=\u00a0\u00bb|0px|||false|false\u00a0\u00bb custom_padding=\u00a0\u00bb|30px|||false|false\u00a0\u00bb global_colors_info=\u00a0\u00bb{}\u00a0\u00bb][\/et_pb_button][et_pb_button button_url=\u00a0\u00bbhttps:\/\/amis-maregraphe-marseille.fr\/?page_id=7643&Prime; button_text=\u00a0\u00bbLes P&rsquo;tits amis du mar\u00e9graphe\u00a0\u00bb button_alignment=\u00a0\u00bbcenter\u00a0\u00bb _builder_version=\u00a0\u00bb4.27.6&Prime; _module_preset=\u00a0\u00bbdefault\u00a0\u00bb custom_button=\u00a0\u00bbon\u00a0\u00bb button_text_size=\u00a0\u00bb17px\u00a0\u00bb button_text_color=\u00a0\u00bb#FFFFFF\u00a0\u00bb button_bg_color=\u00a0\u00bb#ea1c4c\u00a0\u00bb button_border_width=\u00a0\u00bb0px\u00a0\u00bb button_border_color=\u00a0\u00bbRGBA(255,255,255,0)\u00a0\u00bb button_border_radius=\u00a0\u00bb10px\u00a0\u00bb button_letter_spacing=\u00a0\u00bb0px\u00a0\u00bb button_font=\u00a0\u00bb|700|||||||\u00a0\u00bb button_use_icon=\u00a0\u00bboff\u00a0\u00bb vertical_offset=\u00a0\u00bb37px\u00a0\u00bb background_layout=\u00a0\u00bbdark\u00a0\u00bb custom_margin=\u00a0\u00bb|0px|||false|false\u00a0\u00bb custom_padding=\u00a0\u00bb|30px|||false|false\u00a0\u00bb hover_enabled=\u00a0\u00bb0&Prime; global_colors_info=\u00a0\u00bb{}\u00a0\u00bb button_bg_enable_color=\u00a0\u00bbon\u00a0\u00bb sticky_enabled=\u00a0\u00bb0&Prime;][\/et_pb_button][\/et_pb_column][\/et_pb_row][\/et_pb_section]<\/p>\n","protected":false},"excerpt":{"rendered":"<p>\u00c9TAPES IMPORTANTES Juin 2022 : notre association est officiellement reconnue comme un organisme d\u2019int\u00e9r\u00eat g\u00e9n\u00e9ral. Les versements qui lui sont faits ouvrent droit \u00e0 une r\u00e9duction d\u2019imp\u00f4t sur le revenu. F\u00e9vrier 2023 : signature d&rsquo;une convention avec l&rsquo;IGN, autorisant notre association \u00e0 organiser des visites du mar\u00e9graphe (voir la page Nos actions\/R\u00e9alisations 2023). Mars 2023 [&hellip;]<\/p>\n","protected":false},"author":1,"featured_media":0,"parent":0,"menu_order":0,"comment_status":"closed","ping_status":"closed","template":"","meta":{"_et_pb_use_builder":"on","_et_pb_old_content":"","_et_gb_content_width":"","ngg_post_thumbnail":0,"footnotes":""},"class_list":["post-302","page","type-page","status-publish","hentry"],"_links":{"self":[{"href":"https:\/\/amis-maregraphe-marseille.fr\/index.php?rest_route=\/wp\/v2\/pages\/302","targetHints":{"allow":["GET"]}}],"collection":[{"href":"https:\/\/amis-maregraphe-marseille.fr\/index.php?rest_route=\/wp\/v2\/pages"}],"about":[{"href":"https:\/\/amis-maregraphe-marseille.fr\/index.php?rest_route=\/wp\/v2\/types\/page"}],"author":[{"embeddable":true,"href":"https:\/\/amis-maregraphe-marseille.fr\/index.php?rest_route=\/wp\/v2\/users\/1"}],"replies":[{"embeddable":true,"href":"https:\/\/amis-maregraphe-marseille.fr\/index.php?rest_route=%2Fwp%2Fv2%2Fcomments&post=302"}],"version-history":[{"count":219,"href":"https:\/\/amis-maregraphe-marseille.fr\/index.php?rest_route=\/wp\/v2\/pages\/302\/revisions"}],"predecessor-version":[{"id":7787,"href":"https:\/\/amis-maregraphe-marseille.fr\/index.php?rest_route=\/wp\/v2\/pages\/302\/revisions\/7787"}],"wp:attachment":[{"href":"https:\/\/amis-maregraphe-marseille.fr\/index.php?rest_route=%2Fwp%2Fv2%2Fmedia&parent=302"}],"curies":[{"name":"wp","href":"https:\/\/api.w.org\/{rel}","templated":true}]}}